{"id":6709,"date":"2016-10-05T16:49:50","date_gmt":"2016-10-05T14:49:50","guid":{"rendered":"https:\/\/www.martherobin.com\/presse\/"},"modified":"2019-10-31T19:59:18","modified_gmt":"2019-10-31T18:59:18","slug":"presse","status":"publish","type":"page","link":"https:\/\/www.martherobin.com\/it\/presse\/","title":{"rendered":"Stampa"},"content":{"rendered":"<section class=\"fw-main-row \"  >\r\n\t<div class=\"fw-container \">\r\n\t\t<div class=\"\">\r\n\t\t\t<div class=\"fw-row\">\n\t<div class=\"fw-col-xs-12\">\n\t\r\n<p>In questa pagina puoi trovare i dossier e i comunicati stampa, riguardanti la Causa di Beatificazione di Marthe Robin, pubblicati dal Servizio di Comunicazione dei Foyer de Charit\u00e9 e scaricabili sul nostro sito. <\/p><p>Puoi contattarci per qualsiasi richiesta di interviste, messa a disposizione di immagini ad alta risoluzione, di video o per qualunque altra informazione.\t\t<\/p><\/div>\n<\/div>\n\n<div class=\"fw-row\">\n\t<div class=\"fw-col-xs-12\">\n\t<div class=\"fw-heading fw-heading-h3 \">\r\n\t<h3 class=\"fw-special-title \">Contatti stampa<\/h3>\t<\/div>\r\n<\/div>\n<\/div>\n\n<div class=\"fw-row\">\n\t<div class=\"fw-col-xs-12 fw-col-sm-8\">\n\t\r\n<p style=\"text-align: left;\"><strong><a href=\"&#109;a&#x69;l&#x74;o&#x3a;c&#x6f;n&#x74;a&#x63;&#116;&#x40;&#109;&#x61;&#114;&#x74;&#104;&#x65;&#114;&#x6f;&#98;&#x69;&#110;&#46;&#x63;o&#x6d;\">Invia una mail<\/a><\/strong><\/p><\/div>\n<\/div>\n\n<div class=\"fw-row\">\n\t<div class=\"fw-col-xs-12\">\n\t\t<div class=\"fw-divider-line\"><hr\/><\/div>\n\n\r\n<div class=\"tab-holder\">\r\n\t<div class=\"tab-area\">\r\n\t\t<ul class=\"nav nav-tabs\" role=\"tablist\">\r\n\t\t\t\t\t\t<li role=\"presentation\" class=\"active\">\r\n\t\t\t\t<a href=\"#fw-tabs-69fb1b1ad4d04-1\" aria-controls=\"fw-tabs-69fb1b1ad4d04-1\" role=\"tab\" data-toggle=\"tab\" aria-expanded=\"false\">\r\n\t\t\t\t\tComunicati\t\t\t\t<\/a>\r\n\t\t\t<\/li>\r\n\t\t\t\t\t\t<li role=\"presentation\" class=\"\">\r\n\t\t\t\t<a href=\"#fw-tabs-69fb1b1ad4d04-2\" aria-controls=\"fw-tabs-69fb1b1ad4d04-2\" role=\"tab\" data-toggle=\"tab\" aria-expanded=\"false\">\r\n\t\t\t\t\tStampa\t\t\t\t<\/a>\r\n\t\t\t<\/li>\r\n\t\t\t\t\t<\/ul>\r\n\t\t<div class=\"tab-content\">\r\n\t\t\t\t\t\t<div role=\"tabpanel\" class=\"tab-pane active\" id=\"fw-tabs-69fb1b1ad4d04-1\">\r\n\t\t\t\t<h3><span>Comunicati<\/span><\/h3>\r\n\t\t\t\t<p><strong><a href=\"http:\/\/www.martherobin.com\/wp-content\/uploads\/2016\/09\/20170522_FoyersDeCharite-MartheRobin_RomePentecote.pdf\">Marthe Robin \u00e0 l'honneur au jubil\u00e9 du Renouveau Charismatique \u00e0 Rome - mai 2017<\/a><\/strong><br>\r\nRetrouvez Marthe Robin \u00e0 l'exposition des \"serviteurs de Dieu\" issus du Renouveau Charismatique lors du grand rassemblement pour les 50 ans du renouveau, \u00e0 Rome (Pentec\u00f4te 2017)<br>\r\n<br>\r\n\r\n<strong><a href=\"http:\/\/www.martherobin.com\/wp-content\/uploads\/2016\/09\/CP_SiteWeb_MartheRobin_2017mars.pdf\">Lancement d'un nouveau site internet sur Marthe Robin - 13 mars 2017<\/a><\/strong><br>\r\nMise en ligne le jour anniversaire de sa naissance... <br>\r\n<br>\r\n\r\n<strong><a href=\"http:\/\/www.martherobin.com\/wp-content\/uploads\/2016\/09\/CP2016mars_ChemindeCroix_MartheRobin_FDC.pdf\">Publication du Chemin de Croix de Marthe Robin - mars 2016<\/a><\/strong><br>\r\nM\u00e9diter le Chemin de Croix \u00e0 l'aide de citations de Marthe Robin extraites de \"La douloureuse Passion du Sauveur\" <br>\r\n<br>\r\n<strong><a href=\"http:\/\/www.martherobin.com\/wp-content\/uploads\/2016\/09\/Communique_presse_Marthe-Robin_2014.pdf\">Marthe Robin proclam\u00e9e V\u00e9n\u00e9rable par le Pape Fran\u00e7ois - 9 novembre 2014<\/a><\/strong> <br>\r\nCette d\u00e9cision est une \u00e9tape importante vers une possible b\u00e9atification... <br>\r\n<br>\r\n<strong><a href=\"http:\/\/www.martherobin.com\/wp-content\/uploads\/2016\/09\/CP_DVD_MartheRobin_2014.pdf\">Sortie en DVD de \"A la rencontre de Marthe Robin\" - juillet 2014<\/a><\/strong> <br>\r\nVersion internationale : Fran\u00e7ais \u2013 English \u2013 Deutsch \u2013 Italiano \u2013 Espa\u00f1ol \u2013 Polski \u2013 \u5b98\u8a71 \u2013 Ti\u1ebfng Vi\u1ec7t \u2013 \u0627\u0644\u0639\u0631\u0628\u064a\u0629\r\n<br> Ce film documentaire comprend la diffusion in\u00e9dite d'un court enregistrement de la voix de Marthe Robin <br><\/p>\r\n\t\t\t<\/div>\r\n\t\t\t\t\t\t<div role=\"tabpanel\" class=\"tab-pane \" id=\"fw-tabs-69fb1b1ad4d04-2\">\r\n\t\t\t\t<h3><span>Stampa<\/span><\/h3>\r\n\t\t\t\t<p><strong><a href=\"http:\/\/www.martherobin.com\/wp-content\/uploads\/2016\/09\/Dossier-de-Presse-Marthe-Robin_V2.pdf\">Marthe Robin V\u00e9n\u00e9rable - novembre 2014<\/a><\/strong>\r\n<br> En reconnaissant \"l'h\u00e9ro\u00efcit\u00e9 des vertus\" de Marthe Robin, le pape Fran\u00e7ois... <br><\/p>\r\n\t\t\t<\/div>\r\n\t\t\t\t\t<\/div>\r\n\t<\/div>\r\n<!--\t<div class=\"more-hold\">-->\r\n<!--\t\t<span><a href=\"#\">+<\/a><\/span>-->\r\n<!--\t<\/div>-->\r\n<\/div>\r\n<\/div>\n<\/div>\n\n\t\t<\/div>\r\n\t<\/div>\r\n<\/section>\r\n\n","protected":false},"excerpt":{"rendered":"In questa pagina puoi trovare i dossier e i comunicati stampa, riguardanti la Causa di Beatificazione di Marthe Robin, pubblicati dal Servizio di Comunicazione dei Foyer de Charit\u00e9 e scaricabili sul nostro sito. Puoi contattarci per qualsiasi richiesta di interviste, messa a disposizione di immagini ad alta risoluzione, di video o per qualunque altra informazione&#8230;. <a class=\"view-article\" href=\"https:\/\/www.martherobin.com\/it\/presse\/\">Mostra articolo<\/a>","protected":false},"author":6,"featured_media":0,"parent":0,"menu_order":0,"comment_status":"closed","ping_status":"closed","template":"","meta":{"footnotes":""},"class_list":["post-6709","page","type-page","status-publish","hentry"],"_links":{"self":[{"href":"https:\/\/www.martherobin.com\/it\/wp-json\/wp\/v2\/pages\/6709","targetHints":{"allow":["GET"]}}],"collection":[{"href":"https:\/\/www.martherobin.com\/it\/wp-json\/wp\/v2\/pages"}],"about":[{"href":"https:\/\/www.martherobin.com\/it\/wp-json\/wp\/v2\/types\/page"}],"author":[{"embeddable":true,"href":"https:\/\/www.martherobin.com\/it\/wp-json\/wp\/v2\/users\/6"}],"replies":[{"embeddable":true,"href":"https:\/\/www.martherobin.com\/it\/wp-json\/wp\/v2\/comments?post=6709"}],"version-history":[{"count":0,"href":"https:\/\/www.martherobin.com\/it\/wp-json\/wp\/v2\/pages\/6709\/revisions"}],"wp:attachment":[{"href":"https:\/\/www.martherobin.com\/it\/wp-json\/wp\/v2\/media?parent=6709"}],"curies":[{"name":"wp","href":"https:\/\/api.w.org\/{rel}","templated":true}]}}