{"id":6676,"date":"2016-10-12T12:21:07","date_gmt":"2016-10-12T10:21:07","guid":{"rendered":"https:\/\/www.martherobin.com\/je-confie-une-intention-de-priere\/"},"modified":"2018-04-17T15:56:46","modified_gmt":"2018-04-17T13:56:46","slug":"je-confie-une-intention-de-priere","status":"publish","type":"page","link":"https:\/\/www.martherobin.com\/it\/je-confie-une-intention-de-priere\/","title":{"rendered":"Affido una intenzione di preghiera"},"content":{"rendered":"<section class=\"fw-main-row \"  >\r\n\t<div class=\"fw-container \">\r\n\t\t<div class=\"\">\r\n\t\t\t<div class=\"fw-row\">\n\t<div class=\"fw-col-xs-12\">\n\t\r\n<p>Affida la tua intenzione di preghiera all\u2019intercessione di Marthe Robin.<\/p><p>Sar\u00e0 cura dei membri dei Foyer de Charit\u00e9 porla nella sua camera a Ch\u00e2teauneuf-de-Galaure.<\/p><h3>La mia intenzione di preghiera<\/h3><\/div>\n<\/div>\n\n<div class=\"fw-row\">\n\t<div class=\"fw-col-xs-12\">\n\t\r\n<p>\n                <div class='gf_browser_gecko gform_wrapper mr-form_wrapper' id='gform_wrapper_12' ><form method='post' enctype='multipart\/form-data'  id='gform_12' class='mr-form' action='\/it\/wp-json\/wp\/v2\/pages\/6676'>\n                        <div class='gform_body'><ul id='gform_fields_12' class='gform_fields top_label form_sublabel_below description_below'><li id='field_12_1' class='gfield gfield_contains_required field_sublabel_below field_description_below gfield_visibility_visible' ><label class='gfield_label' for='input_12_1' >Cognome<span class='gfield_required'>*<\/span><\/label><div class='ginput_container ginput_container_text'><input name='input_1' id='input_12_1' type='text' value='' class='medium'  tabindex='1'   aria-required=\"true\" aria-invalid=\"false\" \/><\/div><\/li><li id='field_12_2' class='gfield gfield_contains_required field_sublabel_below field_description_below gfield_visibility_visible' ><label class='gfield_label' for='input_12_2' >Nome<span class='gfield_required'>*<\/span><\/label><div class='ginput_container ginput_container_text'><input name='input_2' id='input_12_2' type='text' value='' class='medium'  tabindex='2'   aria-required=\"true\" aria-invalid=\"false\" \/><\/div><\/li><li id='field_12_3' class='gfield gfield_contains_required field_sublabel_below field_description_below gfield_visibility_visible' ><label class='gfield_label' for='input_12_3' >Email<span class='gfield_required'>*<\/span><\/label><div class='ginput_container ginput_container_email'>\n                            <input name='input_3' id='input_12_3' type='text' value='' class='medium' tabindex='3'    aria-required=\"true\" aria-invalid=\"false\"\/>\n                        <\/div><\/li><li id='field_12_4' class='gfield gfield_contains_required field_sublabel_below field_description_below gfield_visibility_visible' ><label class='gfield_label' for='input_12_4' >Intenzione di preghiera<span class='gfield_required'>*<\/span><\/label><div class='ginput_container ginput_container_textarea'><textarea name='input_4' id='input_12_4' class='textarea medium' tabindex='4'   aria-required=\"true\" aria-invalid=\"false\"   rows='10' cols='50'><\/textarea><\/div><\/li><li id='field_12_5' class='gfield field_sublabel_below field_description_below gfield_visibility_visible' ><label class='gfield_label' for='input_12_5' >CAPTCHA<\/label><div id='input_12_5' class='ginput_container ginput_recaptcha' data-sitekey='6LdtC-cUAAAAABVklO4QgZUqKBFPyZFiqDpKDO_c'  data-theme='light' ><\/div><\/li><li id='field_12_6' class='gfield gform_validation_container field_sublabel_below field_description_below gfield_visibility_' ><label class='gfield_label' for='input_12_6' >Comments<\/label><div class='ginput_container'><input name='input_6' id='input_12_6' type='text' value='' \/><\/div><div class='gfield_description'>Questo campo serve per la convalida e dovrebbe essere lasciato inalterato.<\/div><\/li>\n                            <\/ul><\/div>\n        <div class='gform_footer top_label'> <input type='submit' id='gform_submit_button_12' class='gform_button button' value='Invia' tabindex='5' onclick='if(window[\"gf_submitting_12\"]){return false;}  window[\"gf_submitting_12\"]=true;  ' onkeypress='if( event.keyCode == 13 ){ if(window[\"gf_submitting_12\"]){return false;} window[\"gf_submitting_12\"]=true;  jQuery(\"#gform_12\").trigger(\"submit\",[true]); }' \/> \n            <input type='hidden' class='gform_hidden' name='is_submit_12' value='1' \/>\n            <input type='hidden' class='gform_hidden' name='gform_submit' value='12' \/>\n            \n            <input type='hidden' class='gform_hidden' name='gform_unique_id' value='' \/>\n            <input type='hidden' class='gform_hidden' name='state_12' value='WyJbXSIsIjhjMGM1MjM5MTliMjAyYmYwZWQ1MDE0M2EwODNlOGFkIl0=' \/>\n            <input type='hidden' class='gform_hidden' name='gform_target_page_number_12' id='gform_target_page_number_12' value='0' \/>\n            <input type='hidden' class='gform_hidden' name='gform_source_page_number_12' id='gform_source_page_number_12' value='1' \/>\n            <input type='hidden' name='gform_field_values' value='' \/>\n            \n        <\/div>\n                        <\/form>\n                        <\/div><script type='text\/javascript'> if(typeof gf_global == 'undefined') var gf_global = {\"gf_currency_config\":{\"name\":\"Euro\",\"symbol_left\":\"\",\"symbol_right\":\"&#8364;\",\"symbol_padding\":\" \",\"thousand_separator\":\".\",\"decimal_separator\":\",\",\"decimals\":2},\"base_url\":\"https:\\\/\\\/www.martherobin.com\\\/wp-content\\\/plugins\\\/gravityforms\",\"number_formats\":[],\"spinnerUrl\":\"https:\\\/\\\/www.martherobin.com\\\/wp-content\\\/plugins\\\/gravityforms\\\/images\\\/spinner.gif\"};jQuery(document).bind('gform_post_render', function(event, formId, currentPage){if(formId == 12) {} } );jQuery(document).bind('gform_post_conditional_logic', function(event, formId, fields, isInit){} );<\/script><script type='text\/javascript'> jQuery(document).ready(function(){jQuery(document).trigger('gform_post_render', [12, 1]) } ); <\/script><\/p><h6>Le informazioni trasmesse sono riservate all\u2019uso esclusivo dei Foyer de Charit\u00e9 e non saranno in nessun caso comunicate a terzi. L\u2019utente ha un diritto d\u2019accesso, di rettifica, d\u2019opposizione e di eliminazione dei dati personali richiesti. L\u2019utente pu\u00f2 esercitare tale diritto in qualsiasi momento via email. <\/h6><\/div>\n<\/div>\n\n\t\t<\/div>\r\n\t<\/div>\r\n<\/section>\r\n\n","protected":false},"excerpt":{"rendered":"Affida la tua intenzione di preghiera all\u2019intercessione di Marthe Robin.Sar\u00e0 cura dei membri dei Foyer de Charit\u00e9 porla nella sua camera a Ch\u00e2teauneuf-de-Galaure.La mia intenzione di preghiera Cognome*Nome*Email* Intenzione di preghiera*CAPTCHAPhoneQuesto campo serve per la convalida e dovrebbe essere lasciato inalterato. Le informazioni trasmesse sono riservate all\u2019uso esclusivo dei Foyer de Charit\u00e9 e non saranno&#8230; <a class=\"view-article\" href=\"https:\/\/www.martherobin.com\/it\/je-confie-une-intention-de-priere\/\">Mostra articolo<\/a>","protected":false},"author":6,"featured_media":0,"parent":0,"menu_order":0,"comment_status":"closed","ping_status":"closed","template":"","meta":{"footnotes":""},"class_list":["post-6676","page","type-page","status-publish","hentry"],"_links":{"self":[{"href":"https:\/\/www.martherobin.com\/it\/wp-json\/wp\/v2\/pages\/6676","targetHints":{"allow":["GET"]}}],"collection":[{"href":"https:\/\/www.martherobin.com\/it\/wp-json\/wp\/v2\/pages"}],"about":[{"href":"https:\/\/www.martherobin.com\/it\/wp-json\/wp\/v2\/types\/page"}],"author":[{"embeddable":true,"href":"https:\/\/www.martherobin.com\/it\/wp-json\/wp\/v2\/users\/6"}],"replies":[{"embeddable":true,"href":"https:\/\/www.martherobin.com\/it\/wp-json\/wp\/v2\/comments?post=6676"}],"version-history":[{"count":0,"href":"https:\/\/www.martherobin.com\/it\/wp-json\/wp\/v2\/pages\/6676\/revisions"}],"wp:attachment":[{"href":"https:\/\/www.martherobin.com\/it\/wp-json\/wp\/v2\/media?parent=6676"}],"curies":[{"name":"wp","href":"https:\/\/api.w.org\/{rel}","templated":true}]}}