{"id":6661,"date":"2016-10-05T16:48:53","date_gmt":"2016-10-05T14:48:53","guid":{"rendered":"https:\/\/www.martherobin.com\/mentions-legales\/"},"modified":"2021-07-22T13:21:30","modified_gmt":"2021-07-22T11:21:30","slug":"mentions-legales","status":"publish","type":"page","link":"https:\/\/www.martherobin.com\/it\/mentions-legales\/","title":{"rendered":"Note legali"},"content":{"rendered":"<section class=\"fw-main-row \"  >\r\n\t<div class=\"fw-container \">\r\n\t\t<div class=\"\">\r\n\t\t\t<div class=\"fw-row\">\n\t<div class=\"fw-col-xs-12\">\n\t\r\n<h3>Pubblicazione del sito<\/h3><p>Il presente sito \u00e8 di propriet\u00e0 di:<br \/>Fondazione Foyer de Charit\u00e9, rue Geoffrey de Moirans n.85<br \/>F- 26330 Ch\u00e2teauneuf-de-Galaure (Francia).<\/p><p><strong>Responsabile della pubblicazione:<\/strong>\u00a0Honorine Grasset - <a href=\"\/?page_id=50\">Servizio di Comunicazione dei Foyer de Charit\u00e9.<\/a><\/p><p><strong>Gestione web: <\/strong>Nexi Conseils - <a href=\"http:\/\/www.nexi.fr\">www.nexi.fr<\/a><\/p><p><strong>Predisposizione, webdesign e sviluppo del sito: <\/strong>\u00a0<a href=\"https:\/\/www.fidesio.com\/\" target=\"_blank\" rel=\"noopener\">agenzia web Fidesio<\/a>\u00a0Fidesio<\/p><h3>Diritti d\u2019autore e diritti di pubblicazione<\/h3><p>Il nome del dominio www.martherobin.com \u00e8 di propriet\u00e0 dei Foyer de Charit\u00e9.<br \/>In generale, l\u2019insieme del sito (testi e immagini) e ciascuno dei suoi elementi presi separatamente rispondono alla legislazione francese e internazionale sul diritto d\u2019autore e, in senso pi\u00f9 largo, sulla propriet\u00e0 intellettuale (incluso nello specifico la protezione al titolo del diritto d\u2019autore).<\/p><p>E\u2019 fatto divieto di modificare, riprodurre, registrare o diffondere i seguenti documenti sotto qualsiasi forma e con qualsiasi mezzo, inclusi:<\/p><ul><li>mezzi elettronici e meccanici,<\/li><li>microfilm,<\/li><li>fotocopie,<\/li><li>registrazioni,<\/li><li>o altro\u2026<\/li><\/ul><p>senza aver ottenuto la preventiva autorizzazione degli autori.<\/p><p>Ogni diritto di riproduzione o di rappresentazione dei presenti documenti \u00e8 riservato in tutti gli Stati.<\/p><p>Tutte le foto o i video pubblicati nel sito sono di propriet\u00e0 dei loro rispetti autori.<\/p><p>Tutti i diritti di riproduzione, di rappresentazione e di comunicazione pubblica sono riservati, compresi i documenti scaricabili e le rappresentazioni visive, audiovisive, audio, fotografiche, iconografiche, loghi o altro.<\/p><p>Le riproduzioni di tutto o parte di questo sito su qualsiasi supporto elettronico, senza autorizzazione specifica espressa dal responsabile della pubblicazione, sono formalmente proibite e costituirebbero una contraffazione sanzionata dagli articoli L335-2 e seguenti del Codice della propriet\u00e0 intellettuale.<\/p><h3>Regole di protezione dei dati personali<\/h3><p>o <strong>Natura dei dati raccolti<\/strong><br \/>permettono di ricevere informazioni tramite un contatto o di una richiesta d\u2019iscrizione a un ritiro spirituale.<\/p><p>o <strong>Diritto di accesso, di modifica e di soppressione dei dati<\/strong><br \/>In conformit\u00e0 a quanto stabilito dall\u2019art. 27 della Legge Informatica e Libert\u00e0 del 6 gennaio 1978, l\u2019utente ha un diritto di accesso, di rettifica e di soppressione dei dati personali richiesti.<br \/>L\u2019utente pu\u00f2 esercitare tale diritto inviando una comunicazione o scrivendo al nostro indirizzo email: <span lang=\"pt-PT\">contact[<\/span><span lang=\"fr-FR\">@]martherobin.com<\/span><\/p><\/div>\n<\/div>\n\n\t\t<\/div>\r\n\t<\/div>\r\n<\/section>\r\n\n","protected":false},"excerpt":{"rendered":"Pubblicazione del sitoIl presente sito \u00e8 di propriet\u00e0 di:Fondazione Foyer de Charit\u00e9, rue Geoffrey de Moirans n.85F- 26330 Ch\u00e2teauneuf-de-Galaure (Francia).Responsabile della pubblicazione:\u00a0Honorine Grasset &#8211; Servizio di Comunicazione dei Foyer de Charit\u00e9.Gestione web: Nexi Conseils &#8211; www.nexi.frPredisposizione, webdesign e sviluppo del sito: \u00a0agenzia web Fidesio\u00a0FidesioDiritti d\u2019autore e diritti di pubblicazioneIl nome del dominio www.martherobin.com \u00e8 di&#8230; <a class=\"view-article\" href=\"https:\/\/www.martherobin.com\/it\/mentions-legales\/\">Mostra articolo<\/a>","protected":false},"author":6,"featured_media":0,"parent":0,"menu_order":0,"comment_status":"closed","ping_status":"closed","template":"","meta":{"footnotes":""},"class_list":["post-6661","page","type-page","status-publish","hentry"],"_links":{"self":[{"href":"https:\/\/www.martherobin.com\/it\/wp-json\/wp\/v2\/pages\/6661","targetHints":{"allow":["GET"]}}],"collection":[{"href":"https:\/\/www.martherobin.com\/it\/wp-json\/wp\/v2\/pages"}],"about":[{"href":"https:\/\/www.martherobin.com\/it\/wp-json\/wp\/v2\/types\/page"}],"author":[{"embeddable":true,"href":"https:\/\/www.martherobin.com\/it\/wp-json\/wp\/v2\/users\/6"}],"replies":[{"embeddable":true,"href":"https:\/\/www.martherobin.com\/it\/wp-json\/wp\/v2\/comments?post=6661"}],"version-history":[{"count":2,"href":"https:\/\/www.martherobin.com\/it\/wp-json\/wp\/v2\/pages\/6661\/revisions"}],"predecessor-version":[{"id":8496,"href":"https:\/\/www.martherobin.com\/it\/wp-json\/wp\/v2\/pages\/6661\/revisions\/8496"}],"wp:attachment":[{"href":"https:\/\/www.martherobin.com\/it\/wp-json\/wp\/v2\/media?parent=6661"}],"curies":[{"name":"wp","href":"https:\/\/api.w.org\/{rel}","templated":true}]}}