{"id":6382,"date":"2016-10-05T16:48:38","date_gmt":"2016-10-05T14:48:38","guid":{"rendered":"https:\/\/www.martherobin.com\/credits\/"},"modified":"2018-03-06T22:20:56","modified_gmt":"2018-03-06T21:20:56","slug":"credits","status":"publish","type":"page","link":"https:\/\/www.martherobin.com\/es\/credits\/","title":{"rendered":"Cr\u00e9ditos"},"content":{"rendered":"<p><section class=\"fw-main-row \"  >\r\n\t<div class=\"fw-container \">\r\n\t\t<div class=\"\">\r\n\t\t\t<div class=\"fw-row\">\n\t<div class=\"fw-col-xs-12\">\n\t<div class=\"shortcode-widget-area\"><\/div>\n<\/div>\n<\/div>\n\n<div class=\"fw-row\">\n\t<div class=\"fw-col-xs-12 fw-col-sm-8\">\n\t\r\n<div class=\"tab-holder\">\r\n\t<div class=\"tab-area\">\r\n\t\t<ul class=\"nav nav-tabs\" role=\"tablist\">\r\n\t\t\t\t\t\t<li role=\"presentation\" class=\"active\">\r\n\t\t\t\t<a href=\"#fw-tabs-69f1a709dd11f-1\" aria-controls=\"fw-tabs-69f1a709dd11f-1\" role=\"tab\" data-toggle=\"tab\" aria-expanded=\"false\">\r\n\t\t\t\t\tCr\u00e9ditos fotogr\u00e1ficos\t\t\t\t<\/a>\r\n\t\t\t<\/li>\r\n\t\t\t\t\t\t<li role=\"presentation\" class=\"\">\r\n\t\t\t\t<a href=\"#fw-tabs-69f1a709dd11f-2\" aria-controls=\"fw-tabs-69f1a709dd11f-2\" role=\"tab\" data-toggle=\"tab\" aria-expanded=\"false\">\r\n\t\t\t\t\tCr\u00e9ditos videogr\u00e1ficos\t\t\t\t<\/a>\r\n\t\t\t<\/li>\r\n\t\t\t\t\t<\/ul>\r\n\t\t<div class=\"tab-content\">\r\n\t\t\t\t\t\t<div role=\"tabpanel\" class=\"tab-pane active\" id=\"fw-tabs-69f1a709dd11f-1\">\r\n\t\t\t\t<h3><span>Cr\u00e9ditos fotogr\u00e1ficos<\/span><\/h3>\r\n\t\t\t\t<p>Las fotos de Marta Robin o las fotos de archivo provienen de la colecci\u00f3n \"Les Foyers de Charit\u00e9\". <br>\r\nLe rogamos que mencione el origen al publicarlas en Internet y que se ponga en contacto con el departamento de Prensa para todo uso comercial...<br>\r\n<br>\r\nOtras fotos:<br>\r\nColecci\u00f3n Foyers de Charit\u00e9 <br>\r\nJean-Louis Vincent <br><\/p>\r\n\t\t\t<\/div>\r\n\t\t\t\t\t\t<div role=\"tabpanel\" class=\"tab-pane \" id=\"fw-tabs-69f1a709dd11f-2\">\r\n\t\t\t\t<h3><span>Cr\u00e9ditos videogr\u00e1ficos<\/span><\/h3>\r\n\t\t\t\t<p>Realizado por:<br>\r\n- los Foyers de Charit\u00e9 <br>\r\n- Norbert Gauchon <br>\r\n- Vincent Royer (119 Productions)<br>\r\n los productores\/realizadores mencionados en los v\u00eddeos.<\/p>\r\n\t\t\t<\/div>\r\n\t\t\t\t\t<\/div>\r\n\t<\/div>\r\n<!--\t<div class=\"more-hold\">-->\r\n<!--\t\t<span><a href=\"#\">+<\/a><\/span>-->\r\n<!--\t<\/div>-->\r\n<\/div>\r\n<\/div>\n<div class=\"fw-col-xs-12 fw-col-sm-4\">\n\t<img loading=\"lazy\" decoding=\"async\" src=\"https:\/\/www.martherobin.com\/wp-content\/uploads\/2016\/10\/CreditPhotos-1-300x200.jpg\" alt=\"https:\/\/www.martherobin.com\/wp-content\/uploads\/2016\/10\/CreditPhotos-1-300x200.jpg\" width=\"300\" height=\"200\" \/><\/div>\n<\/div>\n\n\t\t<\/div>\r\n\t<\/div>\r\n<\/section>\r\n<section class=\"fw-main-row \"  >\r\n\t<div class=\"fw-container \">\r\n\t\t<div class=\"\">\r\n\t\t\t<div class=\"fw-row\">\n\t<div class=\"fw-col-xs-12\">\n\t<div class=\"shortcode-widget-area\"><\/div>\n<\/div>\n<\/div>\n\n\t\t<\/div>\r\n\t<\/div>\r\n<\/section>\r\n<\/p>\n","protected":false},"excerpt":{"rendered":"Cr\u00e9ditos fotogr\u00e1ficos Cr\u00e9ditos videogr\u00e1ficos Cr\u00e9ditos fotogr\u00e1ficos Las fotos de Marta Robin o las fotos de archivo provienen de la colecci\u00f3n \u00abLes Foyers de Charit\u00e9\u00bb. Le rogamos que mencione el origen al publicarlas en Internet y que se ponga en contacto con el departamento de Prensa para todo uso comercial&#8230; Otras fotos: Colecci\u00f3n Foyers de Charit\u00e9&#8230; <a class=\"view-article\" href=\"https:\/\/www.martherobin.com\/es\/credits\/\">Ver art\u00edculo<\/a>","protected":false},"author":6,"featured_media":0,"parent":0,"menu_order":0,"comment_status":"closed","ping_status":"closed","template":"","meta":{"footnotes":""},"class_list":["post-6382","page","type-page","status-publish","hentry"],"_links":{"self":[{"href":"https:\/\/www.martherobin.com\/es\/wp-json\/wp\/v2\/pages\/6382","targetHints":{"allow":["GET"]}}],"collection":[{"href":"https:\/\/www.martherobin.com\/es\/wp-json\/wp\/v2\/pages"}],"about":[{"href":"https:\/\/www.martherobin.com\/es\/wp-json\/wp\/v2\/types\/page"}],"author":[{"embeddable":true,"href":"https:\/\/www.martherobin.com\/es\/wp-json\/wp\/v2\/users\/6"}],"replies":[{"embeddable":true,"href":"https:\/\/www.martherobin.com\/es\/wp-json\/wp\/v2\/comments?post=6382"}],"version-history":[{"count":0,"href":"https:\/\/www.martherobin.com\/es\/wp-json\/wp\/v2\/pages\/6382\/revisions"}],"wp:attachment":[{"href":"https:\/\/www.martherobin.com\/es\/wp-json\/wp\/v2\/media?parent=6382"}],"curies":[{"name":"wp","href":"https:\/\/api.w.org\/{rel}","templated":true}]}}