{"id":6272,"date":"2016-12-30T15:25:25","date_gmt":"2016-12-30T14:25:25","guid":{"rendered":"https:\/\/www.martherobin.com\/la-beatification\/marthe-robin-reconnue-venerable-par-le-pape-francois\/"},"modified":"2018-07-25T13:22:21","modified_gmt":"2018-07-25T11:22:21","slug":"marthe-robin-reconnue-venerable-par-le-pape-francois","status":"publish","type":"page","link":"https:\/\/www.martherobin.com\/es\/la-beatification\/marthe-robin-reconnue-venerable-par-le-pape-francois\/","title":{"rendered":"Marta Robin reconocida como \u201cvenerable\u201d por el Papa Francisco"},"content":{"rendered":"<p><div class=\"fw-main-row page-lvl3-block\"  >\r\n\t<div class=\"fw-container container\">\r\n\t\t<div class=\"frame\">\r\n\t\t\t<div class=\"fw-row\">\n\t<div class=\"fw-col-xs-12\">\n\t\r\n\t<h1><span>La beatificaci\u00f3n<\/span><\/h1>\r\n\r\n\t<ul class=\"sous-menu\">\r\n\t\t\t<\/ul>\r\n\t<div class=\"menu-openclose\">\r\n\t\t<a href=\"#\" class=\"opener\">Marta Robin reconocida como \u201cvenerable\u201d por el Papa Francisco<\/a>\r\n\t\t<div class=\"slide js-slide-hidden\">\r\n\t\t\t<ul>\r\n\t\t\t\t\t\t\t<\/ul>\r\n\t\t<\/div>\r\n\t<\/div>\r\n\r\n\t<div class=\"top-area\">\r\n\t\t<h2>Marta Robin reconocida como \u201cvenerable\u201d por el Papa Francisco<\/h2>\r\n\t<\/div>\r\n\r\n<strong class=\"bold-text\"><p>El 7 de noviembre de 2014, el Papa Francisco permiti\u00f3 a la Congregaci\u00f3n para las Causas de los Santos promulgar un decreto que reconoce las virtudes heroicas de Marta Robin (1902-1981), laica francesa y fundadora de los Foyers de Charit\u00e9. Se trata de una etapa esencial hacia la beatificaci\u00f3n.<\/p><\/strong><\/div>\n<\/div>\n\n<div class=\"fw-row\">\n\t<div class=\"fw-col-xs-12 fw-col-sm-8\">\n\t<div class=\"fw-heading fw-heading-h3 \">\r\n\t<h3 class=\"fw-special-title \"><span class=\"\">\u00bfQu\u00e9 es la \u201cheroicidad de las virtudes\u201d?<\/span><\/h3>\t<\/div>\r\n\r\n<p>A una persona fallecida que tiene una reputaci\u00f3n de santidad se la declara venerable cuando la Iglesia cat\u00f3lica reconoce la \u201cheroicidad de las virtudes\u201d de dicha persona.<\/p><p>La \u201cheroicidad de las virtudes\u201d representa los esfuerzos realizados por la persona para ser mejor, acoger la gracia de Dios, practicar la caridad, entregarse al evangelio y ser fiel a la Iglesia. Este criterio es mucho m\u00e1s importante que los hechos extraordinarios, incluso milagrosos, realizados durante la vida del cristiano, cuya causa tambi\u00e9n se tiene en cuenta.<\/p><p>Al declarar \u201cvenerable\u201d a Marta Robin, la Iglesia les da como modelo a los cristianos, la forma en que vivi\u00f3 las virtudes teologales (fe, esperanza y caridad) y cardinales (justicia, prudencia, fortaleza y templanza). Reconoce el valor ejemplar de la vida de Marta, que entreg\u00f3 totalmente a Dios y a los dem\u00e1s sin ning\u00fan tipo de ego\u00edsmo, afrontando las situaciones dif\u00edciles de la vida con una fuerza que no es meramente humana.<\/p><div class=\"fw-heading fw-heading-h3 \">\r\n\t<h3 class=\"fw-special-title \"><span class=\"\">\u00bfC\u00f3mo fue declarada \u201cvenerable\u201d Marta Robin?<\/span><\/h3>\t<\/div>\r\n\r\n<p><strong>El principio del procedimiento, cinco a\u00f1os despu\u00e9s de su muerte<\/strong><br \/>El 6 de febrero de 1981 fallece Marta Robin. Cinco a\u00f1os despu\u00e9s, los Foyers de Charit\u00e9 le piden al obispo de Valence, Monse\u00f1or Marchand, que inicie el proceso de beatificaci\u00f3n. El obispo nombra al Padre Ravanel, miembro de los Foyers de Charit\u00e9, postulador de la causa.  De este modo, se inicia en 1986 la investigaci\u00f3n diocesana con vistas a la beatificaci\u00f3n de la \u201csierva de Dios\u201d.<\/p><p><strong>La investigaci\u00f3n diocesana<\/strong><br \/>Para llevar a cabo esta investigaci\u00f3n, se nombran a dos expertos (un te\u00f3logo y un historiador) en 1988. El primer elemento que se toma en cuenta es la reputaci\u00f3n de santidad de Marta Robin entre el pueblo cristiano. Entre 1988 y 1996, consultan a m\u00e1s de 120 testigos y expertos. Al final de la investigaci\u00f3n, se presenta a la Congregaci\u00f3n para las Causas de los Santos (Roma) un informe de 17.000 p\u00e1ginas (biograf\u00eda cr\u00edtica, declaraciones de testigos, escritos eventuales y otros documentos). En esta fase, nombran a Marta Robin \u201csierva de Dios\u201d.<\/p><p><strong>El an\u00e1lisis realizado por la Congregaci\u00f3n romana<br \/><\/strong><br \/>El 24 de abril de 1998, un decreto de la Congregaci\u00f3n para las Causas de los Santos constata la validez de la investigaci\u00f3n diocesana. La instancia romana prepara la documentaci\u00f3n para someterla al examen de historiadores y te\u00f3logos que dan una opini\u00f3n cr\u00edtica y, luego, al examen del promotor de la fe, antes apodado \u201cabogado del diablo\u201d, cuyo papel es presentar los argumentos eventuales en contra de la beatificaci\u00f3n o de la canonizaci\u00f3n. Por \u00faltimo, deliberan los cardenales y obispos. La redacci\u00f3n de la Positio (un resumen de 2.000 p\u00e1ginas del informe de beatificaci\u00f3n que presenta los resultados de esa investigaci\u00f3n diocesana) concluy\u00f3 el 6 de mayo de 2010.<\/p><p><strong>La heroicidad de las virtudes<\/strong><br \/>El congreso de los cardenales y obispos decide si es oportuno someter el caso al Papa con vistas a que declare la heroicidad de las virtudes, es decir, \u201cla perfecci\u00f3n del amor humano y cristiano, y su expansi\u00f3n en la vida\u201d. Marta Robin fue declarada venerable por el Papa Francisco el 7 de noviembre de 2014.<\/p><\/div>\n<div class=\"fw-col-xs-12 fw-col-sm-4\">\n\t<div class=\"text-right\"><img decoding=\"async\" src=\"\/\/www.martherobin.com\/wp-content\/uploads\/2016\/09\/Le-3-avril-dernier-pape-Francois-arrive-place-Saint-Pierre-Rome-pour-audience-hebdomadaire_0_730_485.jpg\" alt=\"\/\/www.martherobin.com\/wp-content\/uploads\/2016\/09\/Le-3-avril-dernier-pape-Francois-arrive-place-Saint-Pierre-Rome-pour-audience-hebdomadaire_0_730_485.jpg\" \/><\/div><\/div>\n<\/div>\n\n<div class=\"fw-row\">\n\t<div class=\"fw-col-xs-12\">\n\t\r\n<div class=\"col-md-10 pull-right\"><blockquote><p><em>Coeur Sacr\u00e9 de J\u00e9sus,<br \/>Tu as manifest\u00e9 \u00e0 Marthe Ton grand dessein d'amour et de vie, pour attirer vers Toi ceux qui Te cherchent ou T'ont oubli\u00e9, et pour que son incessante offrande de compassion et de mis\u00e9ricorde participe \u00e0 une nouvelle Pentec\u00f4te.<br \/><\/em><em>Nous Te demandons que sa b\u00e9atification par l'\u00c9glise serve \u00e0 Te faire conna\u00eetre, Toi, Parole vivante d'amour et de paix, et que, par l'intercession de Marie, nous suivions son exemple pour r\u00e9pondre aux appels de tous nos fr\u00e8res.<br \/><\/em><em>Daigne exaucer les pri\u00e8res que nous T'adressons par Ta servante Marthe ...<br \/>en sorte que soient manifest\u00e9es Ta joie et Ta gloire,<br \/><\/em><em>Amen.<\/em><\/p><\/blockquote><\/div><\/div>\n<\/div>\n\n<div class=\"fw-row\">\n\t<div class=\"fw-col-xs-12 fw-col-sm-8\">\n\t<div class=\"fw-heading fw-heading-h3 \">\r\n\t<h3 class=\"fw-special-title \"><span class=\"\">\u00bfCu\u00e1les son las siguientes etapas?<\/span><\/h3>\t<\/div>\r\n\r\n<p><strong>El reconocimiento de un milagro<br \/><\/strong>    El Postulador de la Causa de Beatificaci\u00f3n, el Padre Bernard Peyrous, present\u00f3 en Roma, un informe que describe un milagro obtenido por la intercesi\u00f3n de Marta Robin. Primero, ese milagro ha sido objeto de una investigaci\u00f3n diocesana y, m\u00e1s adelante, ser\u00e1 estudiado por la Congregaci\u00f3n romana para las Causas de los Santos gracias a testimonios, documentos y valoraciones cient\u00edficas.<\/p><p><strong>La beatificaci\u00f3n<\/strong><br \/>Si la comisi\u00f3n encargada de este an\u00e1lisis reconoce la validez del milagro, el Papa podr\u00e1 decidir declararla \u201cbeata\u201d en la fecha que le convenga.<\/p>\r\n<p><span class=\"line\">Para leer:<\/span><ul class=\"in-links\"><li><a href=\"https:\/\/www.martherobin.com\/es\/la-beatification\/etapes-de-la-cause-de-beatification-de-marthe-robin\/\">Etapas de la causa de beatificaci\u00f3n de Marta Robin<\/a><\/li><li><a href=\"https:\/\/www.martherobin.com\/es\/la-beatification\/je-soutiens-par-la-priere\/\">Apoyo mediante la oraci\u00f3n<\/a><\/li><\/ul><\/p><\/div>\n<div class=\"fw-col-xs-12 fw-col-sm-4\">\n\t<div class=\"video-wrapper shortcode-container\">\n\t<iframe loading=\"lazy\" width=\"300\" height=\"169\" src=\"https:\/\/www.youtube.com\/embed\/jnNc1gi9G4Y?feature=oembed\" frameborder=\"0\" allowfullscreen><\/iframe><\/div>\n<\/div>\n<\/div>\n\n\t\t<\/div>\r\n\t<\/div>\r\n<\/div>\r\n<section class=\"fw-main-row discover-block\"  >\r\n\t<div class=\"fw-container container\">\r\n\t\t<div class=\"\">\r\n\t\t\t<div class=\"fw-row\">\n\t<div class=\"fw-col-xs-12\">\n\t<div class=\"shortcode-widget-area\"><div class=\"heading\">\r\n            <span class=\"title\">Descubrir<\/span>\r\n        <\/div><div class=\"hold\"><div class=\"row\"><div class=\"col col-sm-4 col-md-3\">\r\n                    <div class=\"wrap\">\r\n                        <div class=\"img-holder\">\r\n                            <a href=\"https:\/\/www.martherobin.com\/es\/son-message\/paroles-et-prieres\/parcourir-le-journal\/\">\r\n                                <img decoding=\"async\" src=\"https:\/\/www.martherobin.com\/wp-content\/uploads\/2016\/12\/couverture_Journal-MartheRobin_1366202009153-263x263.png\" alt=\"Leer el \u00abDiario\u00bb\">\r\n                            <\/a>\r\n                            \r\n                        <\/div>\r\n                        <div class=\"desc\">\r\n                            <span class=\"category\">Oraciones, palabras y escritos<\/span>\r\n                            <span class=\"post-title\">\r\n                                <a href=\"https:\/\/www.martherobin.com\/es\/son-message\/paroles-et-prieres\/parcourir-le-journal\/\">Leer el \u00abDiario\u00bb<\/a>\r\n                            <\/span>\r\n                            <div class=\"text\">\r\n                                <p>Le cheminement int\u00e9rieur de Marthe Robin est d\u00e9voil\u00e9 gr\u00e2ce \u00e0 la publication de son \"Journal\". D\u00e9couvrez-le en ligne...<\/p>\r\n                            <\/div>\r\n                        <\/div>\r\n                    <\/div>\r\n                <\/div><div class=\"col col-sm-4 col-md-3\">\r\n                    <div class=\"wrap\">\r\n                        <div class=\"img-holder\">\r\n                            <a href=\"https:\/\/www.martherobin.com\/son-heritage\/les-foyers-de-charite\/video-decouvrir-les-retraites-spirituelles-en-3-minutes\/\">\r\n                                <img decoding=\"async\" src=\"https:\/\/www.martherobin.com\/wp-content\/uploads\/2017\/02\/3minutes_DecouvrirRetraiteSpi-263x263.jpg\" alt=\"VIDEO : D\u00e9couvrir les retraites spirituelles en 3 minutes\">\r\n                            <\/a>\r\n                            \r\n                        <\/div>\r\n                        <div class=\"desc\">\r\n                            <span class=\"category\">Les Foyers de Charit\u00e9<\/span>\r\n                            <span class=\"post-title\">\r\n                                <a href=\"https:\/\/www.martherobin.com\/son-heritage\/les-foyers-de-charite\/video-decouvrir-les-retraites-spirituelles-en-3-minutes\/\">VIDEO : D\u00e9couvrir les retraites spirituelles en 3 minutes<\/a>\r\n                            <\/span>\r\n                            <div class=\"text\">\r\n                                <p>Les Foyers de Charit\u00e9 VIDEO : D\u00e9couvrir les retraites spirituelles en 3...<\/p>\r\n                            <\/div>\r\n                        <\/div>\r\n                    <\/div>\r\n                <\/div><div class=\"col col-sm-4 col-md-3 add\">\r\n                    <div class=\"wrap\">\r\n                        <div class=\"img-holder\">\r\n                            <a href=\"https:\/\/www.martherobin.com\/es\/la-beatification\/marthe-robin-reconnue-venerable-par-le-pape-francois\/\">\r\n                                <img decoding=\"async\" src=\"https:\/\/www.martherobin.com\/wp-content\/uploads\/2016\/09\/beatification-etapes-e1524486340379-263x263.png\" alt=\"Marta Robin reconocida como \u201cvenerable\u201d por el Papa Francisco\">\r\n                            <\/a>\r\n                            \r\n                        <\/div>\r\n                        <div class=\"desc\">\r\n                            <span class=\"category\">La beatificaci\u00f3n<\/span>\r\n                            <span class=\"post-title\">\r\n                                <a href=\"https:\/\/www.martherobin.com\/es\/la-beatification\/marthe-robin-reconnue-venerable-par-le-pape-francois\/\">Marta Robin reconocida como \u201cvenerable\u201d por el Papa Francisco<\/a>\r\n                            <\/span>\r\n                            <div class=\"text\">\r\n                                <p>Une \u00e9tape essentielle vers une possible b\u00e9atification...<\/p>\r\n                            <\/div>\r\n                        <\/div>\r\n                    <\/div>\r\n                <\/div><div class=\"col col-sm-4 col-md-3\">\r\n                    <div class=\"wrap\">\r\n                        <div class=\"img-holder\">\r\n                            <a href=\"https:\/\/www.martherobin.com\/es\/son-message\/ranimer-dans-le-monde-lamour-qui-seteint\/\">\r\n                                <img decoding=\"async\" src=\"https:\/\/www.martherobin.com\/wp-content\/uploads\/2016\/09\/1-illustrations-site-rouges-22-263x263.jpg\" alt=\"Reavivar en el mundo el amor que se apaga\">\r\n                            <\/a>\r\n                            \r\n                        <\/div>\r\n                        <div class=\"desc\">\r\n                            <span class=\"category\">Su mensaje<\/span>\r\n                            <span class=\"post-title\">\r\n                                <a href=\"https:\/\/www.martherobin.com\/es\/son-message\/ranimer-dans-le-monde-lamour-qui-seteint\/\">Reavivar en el mundo el amor que se apaga<\/a>\r\n                            <\/span>\r\n                            <div class=\"text\">\r\n                                <p>\u00ab Je t\u2019ai choisie pour ranimer dans le monde l\u2019Amour qui s\u2019\u00e9teint \u00bb, dira le Christ \u00e0 Marthe. Elle-m\u00eame...<\/p>\r\n                            <\/div>\r\n                        <\/div>\r\n                    <\/div>\r\n                <\/div><\/div><div class=\"row\"><div class=\"col col-sm-4 col-md-3\">\r\n                    <div class=\"wrap\">\r\n                        <div class=\"img-holder\">\r\n                            <a href=\"https:\/\/www.martherobin.com\/es\/son-message\/paroles-et-prieres\/priere-marthe-robin-o-mere-bien-aimee\/\">\r\n                                <img decoding=\"async\" src=\"https:\/\/www.martherobin.com\/wp-content\/uploads\/2016\/09\/NotreDameDuFoyer_Chateauneuf01-263x263.jpg\" alt=\"Oh, Madre Amad\u00edsima\">\r\n                            <\/a>\r\n                            \r\n                        <\/div>\r\n                        <div class=\"desc\">\r\n                            <span class=\"category\">Oraciones, palabras y escritos<\/span>\r\n                            <span class=\"post-title\">\r\n                                <a href=\"https:\/\/www.martherobin.com\/es\/son-message\/paroles-et-prieres\/priere-marthe-robin-o-mere-bien-aimee\/\">Oh, Madre Amad\u00edsima<\/a>\r\n                            <\/span>\r\n                            <div class=\"text\">\r\n                                <p>\u00d4 M\u00e8re Bien-Aim\u00e9e, vous qui connaissez si bien les voies de la Saintet\u00e9 et de l\u2019Amour, apprenez-nous...<\/p>\r\n                            <\/div>\r\n                        <\/div>\r\n                    <\/div>\r\n                <\/div><div class=\"col col-sm-4 col-md-3 add\">\r\n                    <div class=\"wrap\">\r\n                        <div class=\"img-holder\">\r\n                            <a href=\"https:\/\/www.martherobin.com\/es\/son-message\/lamour-inconditionnel-de-dieu-pour-chaque-homme\/\">\r\n                                <img decoding=\"async\" src=\"https:\/\/www.martherobin.com\/wp-content\/uploads\/2016\/09\/1-illustrations-site-rouges-20-263x263.jpg\" alt=\"El amor incondicional de Dios a cada hombre\">\r\n                            <\/a>\r\n                            \r\n                        <\/div>\r\n                        <div class=\"desc\">\r\n                            <span class=\"category\">Su mensaje<\/span>\r\n                            <span class=\"post-title\">\r\n                                <a href=\"https:\/\/www.martherobin.com\/es\/son-message\/lamour-inconditionnel-de-dieu-pour-chaque-homme\/\">El amor incondicional de Dios a cada hombre<\/a>\r\n                            <\/span>\r\n                            <div class=\"text\">\r\n                                <p>Les milliers de t\u00e9moignages concernant la fa\u00e7on dont Marthe accueillait ceux qui venaient la voir sont unanimes...<\/p>\r\n                            <\/div>\r\n                        <\/div>\r\n                    <\/div>\r\n                <\/div><div class=\"row\"><div class=\"col col-sm-4 col-md-3\">\r\n                    <div class=\"wrap\">\r\n                        <div class=\"img-holder\">\r\n                            <a href=\"https:\/\/www.martherobin.com\/es\/son-heritage\/les-foyers-de-charite\/\">\r\n                                <img decoding=\"async\" src=\"https:\/\/www.martherobin.com\/wp-content\/uploads\/2016\/09\/1-illustrations-site-rouges-24-263x263.jpg\" alt=\"Los Foyers de Charit\u00e9\">\r\n                            <\/a>\r\n                            \r\n                        <\/div>\r\n                        <div class=\"desc\">\r\n                            <span class=\"category\">Su herencia<\/span>\r\n                            <span class=\"post-title\">\r\n                                <a href=\"https:\/\/www.martherobin.com\/es\/son-heritage\/les-foyers-de-charite\/\">Los Foyers de Charit\u00e9<\/a>\r\n                            <\/span>\r\n                            <div class=\"text\">\r\n                                <p>La cr\u00e9ation des Foyers de Charit\u00e9 repose sur la rencontre de Marthe Robin et d\u2019un pr\u00eatre, le p\u00e8re Georges Finet, en 1936. Aujourd\u2019hui pr\u00e9sents dans une quarantaine de pays, les Foyers de Charit\u00e9...<\/p>\r\n                            <\/div>\r\n                        <\/div>\r\n                    <\/div>\r\n                <\/div><div class=\"col col-sm-4 col-md-3\">\r\n                    <div class=\"wrap\">\r\n                        <div class=\"img-holder\">\r\n                            <a href=\"https:\/\/www.martherobin.com\/son-message\/dieu-un-pere-tendre-et-compatissant\/stetherese-une-grande-soeur-pour-marthe-robin\/\">\r\n                                <img decoding=\"async\" src=\"https:\/\/www.martherobin.com\/wp-content\/uploads\/2016\/11\/Thrse-de-lEJ-10--263x263.jpg\" alt=\"Ste Th\u00e9r\u00e8se, une \u00ab grande s\u0153ur \u00bb pour Marthe Robin\">\r\n                            <\/a>\r\n                            \r\n                        <\/div>\r\n                        <div class=\"desc\">\r\n                            <span class=\"category\">Dieu, un P\u00e8re tendre et compatissant<\/span>\r\n                            <span class=\"post-title\">\r\n                                <a href=\"https:\/\/www.martherobin.com\/son-message\/dieu-un-pere-tendre-et-compatissant\/stetherese-une-grande-soeur-pour-marthe-robin\/\">Ste Th\u00e9r\u00e8se, une \u00ab grande s\u0153ur \u00bb pour Marthe Robin<\/a>\r\n                            <\/span>\r\n                            <div class=\"text\">\r\n                                <p>Entre Marthe Robin et Sainte Th\u00e9r\u00e8se de Lisieux, il existe une relation si forte qu'on peut parler d'amiti\u00e9 ou de parent\u00e9 spirituelle...<\/p>\r\n                            <\/div>\r\n                        <\/div>\r\n                    <\/div>\r\n                <\/div><div class=\"col col-sm-4 col-md-3 add\">\r\n                    <div class=\"wrap\">\r\n                        <div class=\"img-holder\">\r\n                            <a href=\"https:\/\/www.martherobin.com\/temoignage\/les-passions-de-marthe-robin-sophie-guex\/\">\r\n                                <img decoding=\"async\" src=\"https:\/\/www.martherobin.com\/wp-content\/uploads\/2017\/05\/SophieGuex2-e1523632218396-263x263.jpg\" alt=\"Sophie Guex : Comment se d\u00e9roulaient les \u00abpassions\u00bb de Marthe Robin ?\">\r\n                            <\/a>\r\n                            \r\n                        <\/div>\r\n                        <div class=\"desc\">\r\n                            <span class=\"category\">T\u00e9moignage<\/span>\r\n                            <span class=\"post-title\">\r\n                                <a href=\"https:\/\/www.martherobin.com\/temoignage\/les-passions-de-marthe-robin-sophie-guex\/\">Sophie Guex : Comment se d\u00e9roulaient les \u00abpassions\u00bb de Marthe Robin ?<\/a>\r\n                            <\/span>\r\n                            <div class=\"text\">\r\n                                <p>[VIDEO] Les carnets du p\u00e8re Faure nous permettent de retracer les \"Passions\" v\u00e9cues par Marthe Robin...<\/p>\r\n                            <\/div>\r\n                        <\/div>\r\n                    <\/div>\r\n                <\/div><div class=\"col col-sm-4 col-md-3\">\r\n                    <div class=\"wrap\">\r\n                        <div class=\"img-holder\">\r\n                            <a href=\"https:\/\/www.martherobin.com\/son-heritage\/les-communautes-liees-avec-marthe-robin\/video-marthe-est-une-grande-soeur-pour-moi-raphael-cornu-thenard\/\">\r\n                                <img decoding=\"async\" src=\"https:\/\/www.martherobin.com\/wp-content\/uploads\/2017\/02\/ITWRaphaelCornuThenard-263x263.jpg\" alt=\"VIDEO \u00abMarthe est une grande soeur pour moi !\u00bb Rapha\u00ebl Cornu-Th\u00e9nard\">\r\n                            <\/a>\r\n                            \r\n                        <\/div>\r\n                        <div class=\"desc\">\r\n                            <span class=\"category\">Les communaut\u00e9s li\u00e9es avec Marthe Robin<\/span>\r\n                            <span class=\"post-title\">\r\n                                <a href=\"https:\/\/www.martherobin.com\/son-heritage\/les-communautes-liees-avec-marthe-robin\/video-marthe-est-une-grande-soeur-pour-moi-raphael-cornu-thenard\/\">VIDEO \u00abMarthe est une grande soeur pour moi !\u00bb Rapha\u00ebl Cornu-Th\u00e9nard<\/a>\r\n                            <\/span>\r\n                            <div class=\"text\">\r\n                                <p>Interview de Rapha\u00ebl Cornu-Th\u00e9nard (Anuncio - Congr\u00e8s Mission) sur la place de Marthe Robin dans sa vie de \"disciple-missionnaire\" engag\u00e9 dans la nouvelle \u00e9vang\u00e9lisation...<\/p>\r\n                            <\/div>\r\n                        <\/div>\r\n                    <\/div>\r\n                <\/div><\/div><\/div><\/div>\n<\/div>\n<\/div>\n\n\t\t<\/div>\r\n\t<\/div>\r\n<\/section>\r\n<\/p>\n","protected":false},"excerpt":{"rendered":"Une \u00e9tape essentielle vers une possible b\u00e9atification&#8230;","protected":false},"author":6,"featured_media":5436,"parent":6257,"menu_order":2,"comment_status":"closed","ping_status":"closed","template":"templates\/page-lvl3.php","meta":{"footnotes":""},"class_list":["post-6272","page","type-page","status-publish","has-post-thumbnail","hentry"],"_links":{"self":[{"href":"https:\/\/www.martherobin.com\/es\/wp-json\/wp\/v2\/pages\/6272","targetHints":{"allow":["GET"]}}],"collection":[{"href":"https:\/\/www.martherobin.com\/es\/wp-json\/wp\/v2\/pages"}],"about":[{"href":"https:\/\/www.martherobin.com\/es\/wp-json\/wp\/v2\/types\/page"}],"author":[{"embeddable":true,"href":"https:\/\/www.martherobin.com\/es\/wp-json\/wp\/v2\/users\/6"}],"replies":[{"embeddable":true,"href":"https:\/\/www.martherobin.com\/es\/wp-json\/wp\/v2\/comments?post=6272"}],"version-history":[{"count":0,"href":"https:\/\/www.martherobin.com\/es\/wp-json\/wp\/v2\/pages\/6272\/revisions"}],"up":[{"embeddable":true,"href":"https:\/\/www.martherobin.com\/es\/wp-json\/wp\/v2\/pages\/6257"}],"wp:featuredmedia":[{"embeddable":true,"href":"https:\/\/www.martherobin.com\/es\/wp-json\/wp\/v2\/media\/5436"}],"wp:attachment":[{"href":"https:\/\/www.martherobin.com\/es\/wp-json\/wp\/v2\/media?parent=6272"}],"curies":[{"name":"wp","href":"https:\/\/api.w.org\/{rel}","templated":true}]}}