{"id":6246,"date":"2016-10-12T12:21:07","date_gmt":"2016-10-12T10:21:07","guid":{"rendered":"https:\/\/www.martherobin.com\/je-confie-une-intention-de-priere\/"},"modified":"2018-02-28T16:01:09","modified_gmt":"2018-02-28T15:01:09","slug":"je-confie-une-intention-de-priere","status":"publish","type":"page","link":"https:\/\/www.martherobin.com\/es\/je-confie-une-intention-de-priere\/","title":{"rendered":"Conf\u00edo una petici\u00f3n de oraci\u00f3n"},"content":{"rendered":"<section class=\"fw-main-row \"  >\r\n\t<div class=\"fw-container \">\r\n\t\t<div class=\"\">\r\n\t\t\t<div class=\"fw-row\">\n\t<div class=\"fw-col-xs-12\">\n\t\r\n<p>Conf\u00ede su petici\u00f3n de oraci\u00f3n a la intercesi\u00f3n de Marta Robin.<\/p><p>Unos miembros de los Foyers de Charit\u00e9 la dejar\u00e1n en su habitaci\u00f3n en Ch\u00e2teauneuf-de-Galaure.<\/p><h3>Mi petici\u00f3n de oraci\u00f3n<\/h3><\/div>\n<\/div>\n\n<div class=\"fw-row\">\n\t<div class=\"fw-col-xs-12\">\n\t\r\n<p>\n                <div class='gf_browser_gecko gform_wrapper mr-form_wrapper' id='gform_wrapper_7' ><form method='post' enctype='multipart\/form-data'  id='gform_7' class='mr-form' action='\/es\/wp-json\/wp\/v2\/pages\/6246'>\n                        <div class='gform_body'><ul id='gform_fields_7' class='gform_fields top_label form_sublabel_below description_below'><li id='field_7_1' class='gfield gfield_contains_required field_sublabel_below field_description_below gfield_visibility_visible' ><label class='gfield_label' for='input_7_1' >Apellidos<span class='gfield_required'>*<\/span><\/label><div class='ginput_container ginput_container_text'><input name='input_1' id='input_7_1' type='text' value='' class='medium'  tabindex='1'   aria-required=\"true\" aria-invalid=\"false\" \/><\/div><\/li><li id='field_7_2' class='gfield gfield_contains_required field_sublabel_below field_description_below gfield_visibility_visible' ><label class='gfield_label' for='input_7_2' >Nombre<span class='gfield_required'>*<\/span><\/label><div class='ginput_container ginput_container_text'><input name='input_2' id='input_7_2' type='text' value='' class='medium'  tabindex='2'   aria-required=\"true\" aria-invalid=\"false\" \/><\/div><\/li><li id='field_7_3' class='gfield gfield_contains_required field_sublabel_below field_description_below gfield_visibility_visible' ><label class='gfield_label' for='input_7_3' >Correo electr\u00f3nico<span class='gfield_required'>*<\/span><\/label><div class='ginput_container ginput_container_email'>\n                            <input name='input_3' id='input_7_3' type='text' value='' class='medium' tabindex='3'    aria-required=\"true\" aria-invalid=\"false\"\/>\n                        <\/div><\/li><li id='field_7_4' class='gfield gfield_contains_required field_sublabel_below field_description_below gfield_visibility_visible' ><label class='gfield_label' for='input_7_4' >Petici\u00f3n de oraci\u00f3n<span class='gfield_required'>*<\/span><\/label><div class='ginput_container ginput_container_textarea'><textarea name='input_4' id='input_7_4' class='textarea medium' tabindex='4'   aria-required=\"true\" aria-invalid=\"false\"   rows='10' cols='50'><\/textarea><\/div><\/li><li id='field_7_5' class='gfield field_sublabel_below field_description_below gfield_visibility_visible' ><label class='gfield_label' for='input_7_5' >CAPTCHA<\/label><div id='input_7_5' class='ginput_container ginput_recaptcha' data-sitekey='6LdtC-cUAAAAABVklO4QgZUqKBFPyZFiqDpKDO_c'  data-theme='light' ><\/div><\/li><li id='field_7_6' class='gfield gform_validation_container field_sublabel_below field_description_below gfield_visibility_' ><label class='gfield_label' for='input_7_6' >Name<\/label><div class='ginput_container'><input name='input_6' id='input_7_6' type='text' value='' \/><\/div><div class='gfield_description'>Este campo es un campo de validaci\u00f3n y debe quedar sin cambios.<\/div><\/li>\n                            <\/ul><\/div>\n        <div class='gform_footer top_label'> <input type='submit' id='gform_submit_button_7' class='gform_button button' value='Compartir' tabindex='5' onclick='if(window[\"gf_submitting_7\"]){return false;}  window[\"gf_submitting_7\"]=true;  ' onkeypress='if( event.keyCode == 13 ){ if(window[\"gf_submitting_7\"]){return false;} window[\"gf_submitting_7\"]=true;  jQuery(\"#gform_7\").trigger(\"submit\",[true]); }' \/> \n            <input type='hidden' class='gform_hidden' name='is_submit_7' value='1' \/>\n            <input type='hidden' class='gform_hidden' name='gform_submit' value='7' \/>\n            \n            <input type='hidden' class='gform_hidden' name='gform_unique_id' value='' \/>\n            <input type='hidden' class='gform_hidden' name='state_7' value='WyJbXSIsIjhjMGM1MjM5MTliMjAyYmYwZWQ1MDE0M2EwODNlOGFkIl0=' \/>\n            <input type='hidden' class='gform_hidden' name='gform_target_page_number_7' id='gform_target_page_number_7' value='0' \/>\n            <input type='hidden' class='gform_hidden' name='gform_source_page_number_7' id='gform_source_page_number_7' value='1' \/>\n            <input type='hidden' name='gform_field_values' value='' \/>\n            \n        <\/div>\n                        <\/form>\n                        <\/div><script type='text\/javascript'> if(typeof gf_global == 'undefined') var gf_global = {\"gf_currency_config\":{\"name\":\"Euro\",\"symbol_left\":\"\",\"symbol_right\":\"&#8364;\",\"symbol_padding\":\" \",\"thousand_separator\":\".\",\"decimal_separator\":\",\",\"decimals\":2},\"base_url\":\"https:\\\/\\\/www.martherobin.com\\\/wp-content\\\/plugins\\\/gravityforms\",\"number_formats\":[],\"spinnerUrl\":\"https:\\\/\\\/www.martherobin.com\\\/wp-content\\\/plugins\\\/gravityforms\\\/images\\\/spinner.gif\"};jQuery(document).bind('gform_post_render', function(event, formId, currentPage){if(formId == 7) {} } );jQuery(document).bind('gform_post_conditional_logic', function(event, formId, fields, isInit){} );<\/script><script type='text\/javascript'> jQuery(document).ready(function(){jQuery(document).trigger('gform_post_render', [7, 1]) } ); <\/script><\/p><h6>Las informaciones transmitidas est\u00e1n reservadas al uso exclusivo de los Foyers de Charit\u00e9 y no ser\u00e1n comunicadas en ning\u00fan caso a terceros. Dispone de un derecho de acceso, rectificaci\u00f3n, oposici\u00f3n y cancelaci\u00f3n de sus datos personales. Podr\u00e1 ejercer sus derechos en cualquier momento por correo electr\u00f3nico.<\/h6><\/div>\n<\/div>\n\n\t\t<\/div>\r\n\t<\/div>\r\n<\/section>\r\n\n","protected":false},"excerpt":{"rendered":"Conf\u00ede su petici\u00f3n de oraci\u00f3n a la intercesi\u00f3n de Marta Robin.Unos miembros de los Foyers de Charit\u00e9 la dejar\u00e1n en su habitaci\u00f3n en Ch\u00e2teauneuf-de-Galaure.Mi petici\u00f3n de oraci\u00f3n Apellidos*Nombre*Correo electr\u00f3nico* Petici\u00f3n de oraci\u00f3n*CAPTCHACommentsEste campo es un campo de validaci\u00f3n y debe quedar sin cambios. Las informaciones transmitidas est\u00e1n reservadas al uso exclusivo de los Foyers de&#8230; <a class=\"view-article\" href=\"https:\/\/www.martherobin.com\/es\/je-confie-une-intention-de-priere\/\">Ver art\u00edculo<\/a>","protected":false},"author":6,"featured_media":0,"parent":0,"menu_order":0,"comment_status":"closed","ping_status":"closed","template":"","meta":{"footnotes":""},"class_list":["post-6246","page","type-page","status-publish","hentry"],"_links":{"self":[{"href":"https:\/\/www.martherobin.com\/es\/wp-json\/wp\/v2\/pages\/6246","targetHints":{"allow":["GET"]}}],"collection":[{"href":"https:\/\/www.martherobin.com\/es\/wp-json\/wp\/v2\/pages"}],"about":[{"href":"https:\/\/www.martherobin.com\/es\/wp-json\/wp\/v2\/types\/page"}],"author":[{"embeddable":true,"href":"https:\/\/www.martherobin.com\/es\/wp-json\/wp\/v2\/users\/6"}],"replies":[{"embeddable":true,"href":"https:\/\/www.martherobin.com\/es\/wp-json\/wp\/v2\/comments?post=6246"}],"version-history":[{"count":0,"href":"https:\/\/www.martherobin.com\/es\/wp-json\/wp\/v2\/pages\/6246\/revisions"}],"wp:attachment":[{"href":"https:\/\/www.martherobin.com\/es\/wp-json\/wp\/v2\/media?parent=6246"}],"curies":[{"name":"wp","href":"https:\/\/api.w.org\/{rel}","templated":true}]}}