{"id":6230,"date":"2016-10-05T16:49:40","date_gmt":"2016-10-05T14:49:40","guid":{"rendered":"https:\/\/www.martherobin.com\/contact\/"},"modified":"2018-02-28T15:06:41","modified_gmt":"2018-02-28T14:06:41","slug":"contact","status":"publish","type":"page","link":"https:\/\/www.martherobin.com\/es\/contact\/","title":{"rendered":"Contacto"},"content":{"rendered":"<section class=\"fw-main-row \"  >\r\n\t<div class=\"fw-container \">\r\n\t\t<div class=\"\">\r\n\t\t\t<div class=\"fw-row\">\n\t<div class=\"fw-col-xs-12\">\n\t\r\n<p>Los Foyers de Charit\u00e9 gestionan esta p\u00e1gina web. Puede contactar con nosotros mediante el siguiente formulario.<br \/>Para cualquier solicitud por parte de medios de comunicaci\u00f3n, contacte con el <a href=\"http:\/\/www.martherobin.com\/es\/presse\/\" target=\"_blank\" rel=\"noopener\">servicio de prensa<\/a>.<\/p><\/div>\n<\/div>\n\n<div class=\"fw-row\">\n\t<div class=\"fw-col-xs-12\">\n\t\r\n<div class=\"container\"><p>\n                <div class='gf_browser_gecko gform_wrapper mr-form_wrapper' id='gform_wrapper_6' ><form method='post' enctype='multipart\/form-data'  id='gform_6' class='mr-form' action='\/es\/wp-json\/wp\/v2\/pages\/6230'>\n                        <div class='gform_body'><ul id='gform_fields_6' class='gform_fields left_label form_sublabel_below description_below'><li id='field_6_1' class='gfield gfield_contains_required field_sublabel_below field_description_below gfield_visibility_visible' ><label class='gfield_label' for='input_6_1' >T\u00e9rmino de cortes\u00eda<span class='gfield_required'>*<\/span><\/label><div class='ginput_container ginput_container_select'><select name='input_1' id='input_6_1'  class='medium gfield_select' tabindex='1'  aria-required=\"true\" aria-invalid=\"false\"><option value='Sr.' >Sr.<\/option><option value='Sra.' >Sra.<\/option><option value='Srta.' >Srta.<\/option><option value='Padre' >Padre<\/option><option value='Fray' >Fray<\/option><option value='Sor' >Sor<\/option><\/select><\/div><\/li><li id='field_6_2' class='gfield gfield_contains_required field_sublabel_below field_description_below gfield_visibility_visible' ><label class='gfield_label' for='input_6_2' >Nombre<span class='gfield_required'>*<\/span><\/label><div class='ginput_container ginput_container_text'><input name='input_2' id='input_6_2' type='text' value='' class='medium'  tabindex='2'   aria-required=\"true\" aria-invalid=\"false\" \/><\/div><\/li><li id='field_6_3' class='gfield gfield_contains_required field_sublabel_below field_description_below gfield_visibility_visible' ><label class='gfield_label' for='input_6_3' >Apellidos<span class='gfield_required'>*<\/span><\/label><div class='ginput_container ginput_container_text'><input name='input_3' id='input_6_3' type='text' value='' class='medium'  tabindex='3'   aria-required=\"true\" aria-invalid=\"false\" \/><\/div><\/li><li id='field_6_4' class='gfield gfield_contains_required field_sublabel_below field_description_below gfield_visibility_visible' ><label class='gfield_label' for='input_6_4' >Direcci\u00f3n de correo electr\u00f3nico<span class='gfield_required'>*<\/span><\/label><div class='ginput_container ginput_container_email'>\n                            <input name='input_4' id='input_6_4' type='text' value='' class='medium' tabindex='4'    aria-required=\"true\" aria-invalid=\"false\"\/>\n                        <\/div><\/li><li id='field_6_5' class='gfield field_sublabel_below field_description_below gfield_visibility_visible' ><label class='gfield_label' for='input_6_5' >Tel\u00e9fono<\/label><div class='ginput_container ginput_container_phone'><input name='input_5' id='input_6_5' type='text' value='' class='medium' tabindex='5'    aria-invalid=\"false\" \/><\/div><\/li><li id='field_6_6' class='gfield field_sublabel_below field_description_below gfield_visibility_visible' ><label class='gfield_label' for='input_6_6' >Direcci\u00f3n postal<\/label><div class='ginput_container ginput_container_text'><input name='input_6' id='input_6_6' type='text' value='' class='medium'  tabindex='6'    aria-invalid=\"false\" \/><\/div><\/li><li id='field_6_7' class='gfield field_sublabel_below field_description_below gfield_visibility_visible' ><label class='gfield_label' for='input_6_7' >Ciudad<\/label><div class='ginput_container ginput_container_text'><input name='input_7' id='input_6_7' type='text' value='' class='medium'  tabindex='7'    aria-invalid=\"false\" \/><\/div><\/li><li id='field_6_8' class='gfield gfield_contains_required field_sublabel_below field_description_below gfield_visibility_visible' ><label class='gfield_label' for='input_6_8' >Pa\u00eds<span class='gfield_required'>*<\/span><\/label><div class='ginput_container ginput_container_text'><input name='input_8' id='input_6_8' type='text' value='' class='medium'  tabindex='8'   aria-required=\"true\" aria-invalid=\"false\" \/><\/div><\/li><li id='field_6_9' class='gfield field_sublabel_below field_description_below gfield_visibility_visible' ><label class='gfield_label' for='input_6_9' >Mensaje<\/label><div class='ginput_container ginput_container_textarea'><textarea name='input_9' id='input_6_9' class='textarea medium' tabindex='9'    aria-invalid=\"false\"   rows='10' cols='50'><\/textarea><\/div><\/li><li id='field_6_10' class='gfield gfield_contains_required field_sublabel_below field_description_below gfield_visibility_visible' ><label class='gfield_label'  >Deseo recibir por e-mail la informaci\u00f3n sobre Marta Robin<span class='gfield_required'>*<\/span><\/label><div class='ginput_container ginput_container_radio'><ul class='gfield_radio' id='input_6_10'><li class='gchoice_6_10_0'><input name='input_10' type='radio' value='S\u00ed' checked='checked' id='choice_6_10_0' tabindex='10'    \/><label for='choice_6_10_0' id='label_6_10_0'>S\u00ed<\/label><\/li><li class='gchoice_6_10_1'><input name='input_10' type='radio' value='No'  id='choice_6_10_1' tabindex='11'    \/><label for='choice_6_10_1' id='label_6_10_1'>No<\/label><\/li><\/ul><\/div><\/li><li id='field_6_11' class='gfield field_sublabel_below field_description_below gfield_visibility_visible' ><label class='gfield_label' for='input_6_11' >CAPTCHA<\/label><div id='input_6_11' class='ginput_container ginput_recaptcha' data-sitekey='6LdtC-cUAAAAABVklO4QgZUqKBFPyZFiqDpKDO_c'  data-theme='light' ><\/div><\/li><li id='field_6_12' class='gfield gform_validation_container field_sublabel_below field_description_below gfield_visibility_' ><label class='gfield_label' for='input_6_12' >Name<\/label><div class='ginput_container'><input name='input_12' id='input_6_12' type='text' value='' \/><\/div><div class='gfield_description'>Este campo es un campo de validaci\u00f3n y debe quedar sin cambios.<\/div><\/li>\n                            <\/ul><\/div>\n        <div class='gform_footer left_label'> <input type='submit' id='gform_submit_button_6' class='gform_button button' value='Compartir' tabindex='12' onclick='if(window[\"gf_submitting_6\"]){return false;}  window[\"gf_submitting_6\"]=true;  ' onkeypress='if( event.keyCode == 13 ){ if(window[\"gf_submitting_6\"]){return false;} window[\"gf_submitting_6\"]=true;  jQuery(\"#gform_6\").trigger(\"submit\",[true]); }' \/> \n            <input type='hidden' class='gform_hidden' name='is_submit_6' value='1' \/>\n            <input type='hidden' class='gform_hidden' name='gform_submit' value='6' \/>\n            \n            <input type='hidden' class='gform_hidden' name='gform_unique_id' value='' \/>\n            <input type='hidden' class='gform_hidden' name='state_6' value='WyJbXSIsIjhjMGM1MjM5MTliMjAyYmYwZWQ1MDE0M2EwODNlOGFkIl0=' \/>\n            <input type='hidden' class='gform_hidden' name='gform_target_page_number_6' id='gform_target_page_number_6' value='0' \/>\n            <input type='hidden' class='gform_hidden' name='gform_source_page_number_6' id='gform_source_page_number_6' value='1' \/>\n            <input type='hidden' name='gform_field_values' value='' \/>\n            \n        <\/div>\n                        <\/form>\n                        <\/div><script type='text\/javascript'> if(typeof gf_global == 'undefined') var gf_global = {\"gf_currency_config\":{\"name\":\"Euro\",\"symbol_left\":\"\",\"symbol_right\":\"&#8364;\",\"symbol_padding\":\" \",\"thousand_separator\":\".\",\"decimal_separator\":\",\",\"decimals\":2},\"base_url\":\"https:\\\/\\\/www.martherobin.com\\\/wp-content\\\/plugins\\\/gravityforms\",\"number_formats\":[],\"spinnerUrl\":\"https:\\\/\\\/www.martherobin.com\\\/wp-content\\\/plugins\\\/gravityforms\\\/images\\\/spinner.gif\"};jQuery(document).bind('gform_post_render', function(event, formId, currentPage){if(formId == 6) {jQuery('#input_6_9').textareaCount(    {    'maxCharacterSize': 3000,    'originalStyle': 'ginput_counter',\t 'truncate': true,\t 'errorStyle' : '',    'displayFormat' : '#input de #max caracteres m\u00e1ximos'    } );} } );jQuery(document).bind('gform_post_conditional_logic', function(event, formId, fields, isInit){} );<\/script><script type='text\/javascript'> jQuery(document).ready(function(){jQuery(document).trigger('gform_post_render', [6, 1]) } ); <\/script><\/p><\/div><\/div>\n<\/div>\n\n<div class=\"fw-row\">\n\t<div class=\"fw-col-xs-12\">\n\t\r\n<h6>La informaci\u00f3n proporcionada est\u00e1 reservada al uso exclusivo de la promoci\u00f3n de la Causa de Marta Robin. Es gestionada por los Foyers de Charit\u00e9 y no ser\u00e1 comunicada en ning\u00fan caso a terceros. Dispone de un derecho de acceso, rectificaci\u00f3n, oposici\u00f3n y cancelaci\u00f3n de sus datos personales. Podr\u00e1 ejercer sus derechos en cualquier momento por correo electr\u00f3nico.<\/h6><\/div>\n<\/div>\n\n<div class=\"fw-row\">\n\t<div class=\"fw-col-xs-12\">\n\t\r\n<div class=\"container\"><h3>Para contactar con nosotros online :<\/h3><p>Tambi\u00e9n puede mandarnos :<br \/>- un <a href=\"&#109;a&#x69;l&#x74;o&#x3a;c&#x6f;&#110;&#x74;&#97;&#x63;&#116;&#x40;&#109;a&#114;t&#x68;e&#x72;o&#x62;&#105;&#x6e;&#46;&#x63;&#111;&#x6d;\">correo electr\u00f3nico <\/a><br \/>- un tuit a <a href=\"https:\/\/twitter.com\/Marthe_Robin\">@Marthe_Robin<br \/><\/a>- un mensaje en Facebook a trav\u00e9s de la <a href=\"https:\/\/www.facebook.com\/MartheRobin\">p\u00e1gina oficial de Marta Robin<\/a><\/p><\/div><\/div>\n<\/div>\n\n\t\t<\/div>\r\n\t<\/div>\r\n<\/section>\r\n\n","protected":false},"excerpt":{"rendered":"Los Foyers de Charit\u00e9 gestionan esta p\u00e1gina web. Puede contactar con nosotros mediante el siguiente formulario.Para cualquier solicitud por parte de medios de comunicaci\u00f3n, contacte con el servicio de prensa. T\u00e9rmino de cortes\u00eda*Sr.Sra.Srta.PadreFraySorNombre*Apellidos*Direcci\u00f3n de correo electr\u00f3nico* Tel\u00e9fonoDirecci\u00f3n postalCiudadPa\u00eds*MensajeDeseo recibir por e-mail la informaci\u00f3n sobre Marta Robin*S\u00edNoCAPTCHANameEste campo es un campo de validaci\u00f3n y debe quedar&#8230; <a class=\"view-article\" href=\"https:\/\/www.martherobin.com\/es\/contact\/\">Ver art\u00edculo<\/a>","protected":false},"author":6,"featured_media":0,"parent":0,"menu_order":0,"comment_status":"closed","ping_status":"closed","template":"","meta":{"footnotes":""},"class_list":["post-6230","page","type-page","status-publish","hentry"],"_links":{"self":[{"href":"https:\/\/www.martherobin.com\/es\/wp-json\/wp\/v2\/pages\/6230","targetHints":{"allow":["GET"]}}],"collection":[{"href":"https:\/\/www.martherobin.com\/es\/wp-json\/wp\/v2\/pages"}],"about":[{"href":"https:\/\/www.martherobin.com\/es\/wp-json\/wp\/v2\/types\/page"}],"author":[{"embeddable":true,"href":"https:\/\/www.martherobin.com\/es\/wp-json\/wp\/v2\/users\/6"}],"replies":[{"embeddable":true,"href":"https:\/\/www.martherobin.com\/es\/wp-json\/wp\/v2\/comments?post=6230"}],"version-history":[{"count":0,"href":"https:\/\/www.martherobin.com\/es\/wp-json\/wp\/v2\/pages\/6230\/revisions"}],"wp:attachment":[{"href":"https:\/\/www.martherobin.com\/es\/wp-json\/wp\/v2\/media?parent=6230"}],"curies":[{"name":"wp","href":"https:\/\/api.w.org\/{rel}","templated":true}]}}