{"id":5941,"date":"2016-10-05T16:49:50","date_gmt":"2016-10-05T14:49:50","guid":{"rendered":"https:\/\/www.martherobin.com\/presse\/"},"modified":"2019-10-31T19:58:38","modified_gmt":"2019-10-31T18:58:38","slug":"presse","status":"publish","type":"page","link":"https:\/\/www.martherobin.com\/en\/presse\/","title":{"rendered":"Press"},"content":{"rendered":"<section class=\"fw-main-row \"  >\r\n\t<div class=\"fw-container \">\r\n\t\t<div class=\"\">\r\n\t\t\t<div class=\"fw-row\">\n\t<div class=\"fw-col-xs-12\">\n\t\r\n<p>This page contains the <strong>downloadable press releases<\/strong> and <strong>press packs<\/strong>, published by the communications department of the Foyers de Charit\u00e9, dealing with the Cause of Beatification of Marthe Robin.<\/p><p>For all requests for <strong>interviews<\/strong>, <strong>high definition images<\/strong>, <strong>videos<\/strong>, or any other information, please <strong>contact us<\/strong>.<\/p><\/div>\n<\/div>\n\n<div class=\"fw-row\">\n\t<div class=\"fw-col-xs-12\">\n\t<div class=\"fw-heading fw-heading-h3 \">\r\n\t<h3 class=\"fw-special-title \">Press contacts:<\/h3>\t<\/div>\r\n<\/div>\n<\/div>\n\n<div class=\"fw-row\">\n\t<div class=\"fw-col-xs-12 fw-col-sm-8\">\n\t\r\n<p style=\"text-align: left;\"><strong><a href=\"&#x6d;&#97;i&#x6c;&#116;o&#x3a;&#99;o&#x6e;&#116;a&#x63;&#116;-&#x6d;&#x65;d&#x69;&#x61;&#115;&#x40;&#x6d;&#97;&#x72;&#x74;&#104;e&#x72;&#111;b&#x69;&#110;&#46;&#x63;&#111;m\">Send an email<\/a><\/strong><\/p><\/div>\n<\/div>\n\n<div class=\"fw-row\">\n\t<div class=\"fw-col-xs-12\">\n\t\t<div class=\"fw-divider-line\"><hr\/><\/div>\n\n\r\n<div class=\"tab-holder\">\r\n\t<div class=\"tab-area\">\r\n\t\t<ul class=\"nav nav-tabs\" role=\"tablist\">\r\n\t\t\t\t\t\t<li role=\"presentation\" class=\"active\">\r\n\t\t\t\t<a href=\"#fw-tabs-69f1b54abc260-1\" aria-controls=\"fw-tabs-69f1b54abc260-1\" role=\"tab\" data-toggle=\"tab\" aria-expanded=\"false\">\r\n\t\t\t\t\tPress releases\t\t\t\t<\/a>\r\n\t\t\t<\/li>\r\n\t\t\t\t\t\t<li role=\"presentation\" class=\"\">\r\n\t\t\t\t<a href=\"#fw-tabs-69f1b54abc260-2\" aria-controls=\"fw-tabs-69f1b54abc260-2\" role=\"tab\" data-toggle=\"tab\" aria-expanded=\"false\">\r\n\t\t\t\t\tPress packs\t\t\t\t<\/a>\r\n\t\t\t<\/li>\r\n\t\t\t\t\t<\/ul>\r\n\t\t<div class=\"tab-content\">\r\n\t\t\t\t\t\t<div role=\"tabpanel\" class=\"tab-pane active\" id=\"fw-tabs-69f1b54abc260-1\">\r\n\t\t\t\t<h3><span>Press releases<\/span><\/h3>\r\n\t\t\t\t<p><strong><a href=\"http:\/\/www.martherobin.com\/wp-content\/uploads\/2016\/09\/20170522_FoyersDeCharite-MartheRobin_RomePentecote.pdf\">Marthe Robin \u00e0 l'honneur au jubil\u00e9 du Renouveau Charismatique \u00e0 Rome - mai 2017<\/a><\/strong><br>\r\nRetrouvez Marthe Robin \u00e0 l'exposition des \"serviteurs de Dieu\" issus du Renouveau Charismatique lors du grand rassemblement pour les 50 ans du renouveau, \u00e0 Rome (Pentec\u00f4te 2017)<br>\r\n<br>\r\n\r\n<strong><a href=\"http:\/\/www.martherobin.com\/wp-content\/uploads\/2016\/09\/CP_SiteWeb_MartheRobin_2017mars.pdf\">Lancement d'un nouveau site internet sur Marthe Robin - 13 mars 2017<\/a><\/strong><br>\r\nMise en ligne le jour anniversaire de sa naissance... <br>\r\n<br>\r\n\r\n<strong><a href=\"http:\/\/www.martherobin.com\/wp-content\/uploads\/2016\/09\/CP2016mars_ChemindeCroix_MartheRobin_FDC.pdf\">Publication du Chemin de Croix de Marthe Robin - mars 2016<\/a><\/strong><br>\r\nM\u00e9diter le Chemin de Croix \u00e0 l'aide de citations de Marthe Robin extraites de \"La douloureuse Passion du Sauveur\" <br>\r\n<br>\r\n<strong><a href=\"http:\/\/www.martherobin.com\/wp-content\/uploads\/2016\/09\/Communique_presse_Marthe-Robin_2014.pdf\">Marthe Robin proclam\u00e9e V\u00e9n\u00e9rable par le Pape Fran\u00e7ois - 9 novembre 2014<\/a><\/strong> <br>\r\nCette d\u00e9cision est une \u00e9tape importante vers une possible b\u00e9atification... <br>\r\n<br>\r\n<strong><a href=\"http:\/\/www.martherobin.com\/wp-content\/uploads\/2016\/09\/CP_DVD_MartheRobin_2014.pdf\">Sortie en DVD de \"A la rencontre de Marthe Robin\" - juillet 2014<\/a><\/strong> <br>\r\nVersion internationale : Fran\u00e7ais \u2013 English \u2013 Deutsch \u2013 Italiano \u2013 Espa\u00f1ol \u2013 Polski \u2013 \u5b98\u8a71 \u2013 Ti\u1ebfng Vi\u1ec7t \u2013 \u0627\u0644\u0639\u0631\u0628\u064a\u0629\r\n<br> Ce film documentaire comprend la diffusion in\u00e9dite d'un court enregistrement de la voix de Marthe Robin <br><\/p>\r\n\t\t\t<\/div>\r\n\t\t\t\t\t\t<div role=\"tabpanel\" class=\"tab-pane \" id=\"fw-tabs-69f1b54abc260-2\">\r\n\t\t\t\t<h3><span>Press packs<\/span><\/h3>\r\n\t\t\t\t<p><strong><a href=\"http:\/\/www.martherobin.com\/wp-content\/uploads\/2016\/09\/Dossier-de-Presse-Marthe-Robin_V2.pdf\">Marthe Robin V\u00e9n\u00e9rable - novembre 2014<\/a><\/strong>\r\n<br> En reconnaissant \"l'h\u00e9ro\u00efcit\u00e9 des vertus\" de Marthe Robin, le pape Fran\u00e7ois... <br><\/p>\r\n\t\t\t<\/div>\r\n\t\t\t\t\t<\/div>\r\n\t<\/div>\r\n<!--\t<div class=\"more-hold\">-->\r\n<!--\t\t<span><a href=\"#\">+<\/a><\/span>-->\r\n<!--\t<\/div>-->\r\n<\/div>\r\n<\/div>\n<\/div>\n\n\t\t<\/div>\r\n\t<\/div>\r\n<\/section>\r\n\n","protected":false},"excerpt":{"rendered":"This page contains the downloadable press releases and press packs, published by the communications department of the Foyers de Charit\u00e9, dealing with the Cause of Beatification of Marthe Robin.For all requests for interviews, high definition images, videos, or any other information, please contact us. Press contacts: Send an email Press releases Press packs Press releases&#8230; <a class=\"view-article\" href=\"https:\/\/www.martherobin.com\/en\/presse\/\">View Article<\/a>","protected":false},"author":6,"featured_media":0,"parent":0,"menu_order":0,"comment_status":"closed","ping_status":"closed","template":"","meta":{"footnotes":""},"class_list":["post-5941","page","type-page","status-publish","hentry"],"_links":{"self":[{"href":"https:\/\/www.martherobin.com\/en\/wp-json\/wp\/v2\/pages\/5941","targetHints":{"allow":["GET"]}}],"collection":[{"href":"https:\/\/www.martherobin.com\/en\/wp-json\/wp\/v2\/pages"}],"about":[{"href":"https:\/\/www.martherobin.com\/en\/wp-json\/wp\/v2\/types\/page"}],"author":[{"embeddable":true,"href":"https:\/\/www.martherobin.com\/en\/wp-json\/wp\/v2\/users\/6"}],"replies":[{"embeddable":true,"href":"https:\/\/www.martherobin.com\/en\/wp-json\/wp\/v2\/comments?post=5941"}],"version-history":[{"count":0,"href":"https:\/\/www.martherobin.com\/en\/wp-json\/wp\/v2\/pages\/5941\/revisions"}],"wp:attachment":[{"href":"https:\/\/www.martherobin.com\/en\/wp-json\/wp\/v2\/media?parent=5941"}],"curies":[{"name":"wp","href":"https:\/\/api.w.org\/{rel}","templated":true}]}}